{"id":4969,"date":"2024-07-12T09:51:16","date_gmt":"2024-07-12T14:51:16","guid":{"rendered":"https:\/\/texsalvenezuela.com\/tienda\/?post_type=product&#038;p=4969"},"modified":"2025-04-11T15:13:31","modified_gmt":"2025-04-11T19:13:31","slug":"caja-de-12-unds-limpiador-de-contactos-no-inflamable-13oz","status":"publish","type":"product","link":"https:\/\/texsalvenezuela.com\/tienda\/producto\/caja-de-12-unds-limpiador-de-contactos-no-inflamable-13oz\/","title":{"rendered":"Caja de 12 Unds. Limpiador de Contactos No Inflamable 13oz"},"content":{"rendered":"<h3 style=\"text-align: center;\">12 UNIDADES X CAJA. PRECIO + IVA<\/h3>\n<h3 style=\"text-align: center;\">DESCRIPCI\u00d3N DE PRODUCTO<\/h3>\n<p>&nbsp;<\/p>\n<p>El nuevo WD-40 Specialist\u00ae Limpiador de Contactos No Flamable es un producto no conductivo que reduce los problemas relacionados con llamas y chispas. Nuestra grasa para contactos electricos est\u00e1 especialmente desarrollada para eliminar profundamente la suciedad y la grasa en equipos el\u00e9ctricos sensibles de manera segura.<\/p>\n<p>Es ideal para reducir los problemas de seguridad relacionados con llamas, chispas o superficies calientes en lugares cerrados. Contiene una f\u00f3rmula de secado r\u00e1pido que es amigable con el medio ambiente. La grasa para contactos electricos elimina con fuerza la contaminaci\u00f3n de las grietas m\u00e1s estrechas de los conectores el\u00e9ctricos e interruptores el\u00e9ctricos. Desplaza la suciedad y humedad en las conexiones de los equipos.<\/p>\n<p>Ideal para uso en equipos pesados, de energ\u00eda el\u00e9ctrica y conectores, interruptores de panel electr\u00f3nico, placas de circuito, arrancadores y contactores. Es seguro para usar en metal. No usar en hule Viton.<\/p>\n<p>&nbsp;<\/p>\n<h3 class=\"flex items-center p-8 uppercase bg-wd-40-blue font-bold md:text-xl\">USOS<\/h3>\n<div class=\"flex p-8 ltr:pr-2 rtl:pl-2\">\n<ul class=\"w-full list-disc space-y-4\">\n<li>Placas de circuito impreso<\/li>\n<li>Controles<\/li>\n<li>Interruptores<\/li>\n<li>Cabezales de cinta<\/li>\n<li>Instrumentos de precisi\u00f3n<\/li>\n<li>Equipos pesados<\/li>\n<\/ul>\n<\/div>\n","protected":false},"excerpt":{"rendered":"<h3 class=\"flex items-center p-8 uppercase bg-wd-40-blue font-bold md:text-xl\">CARACTER\u00cdSTICAS<\/h3>\n<div class=\"flex p-8 ltr:pr-2 rtl:pl-2\">\n<ul class=\"w-full list-disc space-y-4\">\n<li>Limpia equipos electr\u00f3nicos sensibles<\/li>\n<li>Esta grasa para contactos electricos no deja residuos<\/li>\n<li>Compatible en la mayor\u00eda de los pl\u00e1sticos*<em>*Pruebe en pl\u00e1stico antes de usar y evite adhesivos, pantallas de dispositivos y teclados.<\/em><\/li>\n<li>Seguro para usar en metal<\/li>\n<li>Rigidez diel\u00e9ctrica &gt; 20.000 voltios<\/li>\n<li>Secado r\u00e1pido en nuestra grasa para contactos electricos<\/li>\n<li>NSF K2 Reg #162280<\/li>\n<\/ul>\n<h3><em>Para compras mayores a 300$ en productos por caja.<\/em><\/h3>\n<\/div>\n","protected":false},"featured_media":3059,"comment_status":"open","ping_status":"closed","template":"","meta":[],"product_cat":[27],"product_tag":[148],"_links":{"self":[{"href":"https:\/\/texsalvenezuela.com\/tienda\/wp-json\/wp\/v2\/product\/4969"}],"collection":[{"href":"https:\/\/texsalvenezuela.com\/tienda\/wp-json\/wp\/v2\/product"}],"about":[{"href":"https:\/\/texsalvenezuela.com\/tienda\/wp-json\/wp\/v2\/types\/product"}],"replies":[{"embeddable":true,"href":"https:\/\/texsalvenezuela.com\/tienda\/wp-json\/wp\/v2\/comments?post=4969"}],"wp:featuredmedia":[{"embeddable":true,"href":"https:\/\/texsalvenezuela.com\/tienda\/wp-json\/wp\/v2\/media\/3059"}],"wp:attachment":[{"href":"https:\/\/texsalvenezuela.com\/tienda\/wp-json\/wp\/v2\/media?parent=4969"}],"wp:term":[{"taxonomy":"product_cat","embeddable":true,"href":"https:\/\/texsalvenezuela.com\/tienda\/wp-json\/wp\/v2\/product_cat?post=4969"},{"taxonomy":"product_tag","embeddable":true,"href":"https:\/\/texsalvenezuela.com\/tienda\/wp-json\/wp\/v2\/product_tag?post=4969"}],"curies":[{"name":"wp","href":"https:\/\/api.w.org\/{rel}","templated":true}]}}