{"id":5366,"date":"2024-08-30T16:50:32","date_gmt":"2024-08-30T20:50:32","guid":{"rendered":"https:\/\/texsalvenezuela.com\/tienda\/?post_type=product&#038;p=5366"},"modified":"2025-09-11T12:41:42","modified_gmt":"2025-09-11T16:41:42","slug":"goop-jabon-original-desengrasante-manos-14-oz","status":"publish","type":"product","link":"https:\/\/texsalvenezuela.com\/tienda\/producto\/goop-jabon-original-desengrasante-manos-14-oz\/","title":{"rendered":"Goop Jab\u00f3n Original Desengrasante Manos 14 oz"},"content":{"rendered":"<ul class=\"a-unordered-list a-vertical a-spacing-mini\">\n<li class=\"a-spacing-mini\"><span class=\"a-list-item\">Limpiador vers\u00e1til: dise\u00f1ado para limpiar r\u00e1pidamente y eliminar de forma segura grasa, pintura, tinta, alquitr\u00e1n, suelos industriales de tus manos, herramientas, y tambi\u00e9n puede eliminar las manchas de tu ropa<\/span><\/li>\n<li class=\"a-spacing-mini\"><span class=\"a-list-item\">Limpiador de manos sin agua: este limpiador de manos mec\u00e1nico viene en forma de crema para una limpieza delicada y exhaustiva sin necesidad de enjuagar con agua para que pueda usarse en cualquier lugar y en cualquier momento<\/span><\/li>\n<li class=\"a-spacing-mini\"><span class=\"a-list-item\">No t\u00f3xico: este limpiador de manos biodegradable est\u00e1 hecho de todos los ingredientes naturales sin productos qu\u00edmicos agresivos o disolventes y formulado con humectantes para dejar tus manos limpias y suaves<\/span><\/li>\n<li class=\"a-spacing-mini\"><span class=\"a-list-item\">Hecho para todos: este limpiador de manos resistente est\u00e1 impregnado de humectantes naturales y no contiene petr\u00f3leo, este limpiador es seguro y adecuado para usar en ni\u00f1os y personas con piel sensible<\/span><\/li>\n<li class=\"a-spacing-mini\"><span class=\"a-list-item\">Limpio y suave: este limpiador de manos sin agua contiene lanolina y U.S.P. glicerina de grado que ayuda a suavizar las manos rojas y \u00e1speras sin residuos pegajosos. Viene en un tubo compacto y f\u00e1cil de usar para portabilidad<\/span><\/li>\n<\/ul>\n","protected":false},"excerpt":{"rendered":"<p>Limpiador vers\u00e1til: dise\u00f1ado para limpiar r\u00e1pidamente y eliminar de forma segura grasa, pintura, tinta, alquitr\u00e1n, suelos industriales de tus manos, herramientas, y tambi\u00e9n puede eliminar las manchas de tu ropa Limpiador de manos sin agua: este limpiador de manos mec\u00e1nico viene en forma de crema para una limpieza delicada y exhaustiva sin necesidad de enjuagar [&hellip;]<\/p>\n","protected":false},"featured_media":5360,"comment_status":"open","ping_status":"closed","template":"","meta":[],"product_cat":[24],"product_tag":[151],"_links":{"self":[{"href":"https:\/\/texsalvenezuela.com\/tienda\/wp-json\/wp\/v2\/product\/5366"}],"collection":[{"href":"https:\/\/texsalvenezuela.com\/tienda\/wp-json\/wp\/v2\/product"}],"about":[{"href":"https:\/\/texsalvenezuela.com\/tienda\/wp-json\/wp\/v2\/types\/product"}],"replies":[{"embeddable":true,"href":"https:\/\/texsalvenezuela.com\/tienda\/wp-json\/wp\/v2\/comments?post=5366"}],"wp:featuredmedia":[{"embeddable":true,"href":"https:\/\/texsalvenezuela.com\/tienda\/wp-json\/wp\/v2\/media\/5360"}],"wp:attachment":[{"href":"https:\/\/texsalvenezuela.com\/tienda\/wp-json\/wp\/v2\/media?parent=5366"}],"wp:term":[{"taxonomy":"product_cat","embeddable":true,"href":"https:\/\/texsalvenezuela.com\/tienda\/wp-json\/wp\/v2\/product_cat?post=5366"},{"taxonomy":"product_tag","embeddable":true,"href":"https:\/\/texsalvenezuela.com\/tienda\/wp-json\/wp\/v2\/product_tag?post=5366"}],"curies":[{"name":"wp","href":"https:\/\/api.w.org\/{rel}","templated":true}]}}