{"id":6411,"date":"2024-09-05T09:33:38","date_gmt":"2024-09-05T13:33:38","guid":{"rendered":"https:\/\/texsalvenezuela.com\/tienda\/?post_type=product&#038;p=6411"},"modified":"2025-09-11T12:39:02","modified_gmt":"2025-09-11T16:39:02","slug":"ambientador-ona-brisa-1-pack","status":"publish","type":"product","link":"https:\/\/texsalvenezuela.com\/tienda\/producto\/ambientador-ona-brisa-1-pack\/","title":{"rendered":"Ambientador Ona Brisa 1 Pack"},"content":{"rendered":"<section class=\"elementor-section elementor-top-section elementor-element elementor-element-cf5ca96 elementor-section-full_width elementor-section-height-min-height elementor-section-height-default elementor-section-items-middle\" data-id=\"cf5ca96\" data-element_type=\"section\">\n<div class=\"elementor-container elementor-column-gap-default\">\n<div class=\"elementor-column elementor-col-100 elementor-top-column elementor-element elementor-element-066596a\" data-id=\"066596a\" data-element_type=\"column\">\n<div class=\"elementor-widget-wrap elementor-element-populated\">\n<section class=\"elementor-section elementor-inner-section elementor-element elementor-element-d78eee4 elementor-section-boxed elementor-section-height-default elementor-section-height-default\" data-id=\"d78eee4\" data-element_type=\"section\">\n<div class=\"elementor-container elementor-column-gap-default\">\n<div class=\"elementor-column elementor-col-50 elementor-inner-column elementor-element elementor-element-5bb44cb\" data-id=\"5bb44cb\" data-element_type=\"column\">\n<div class=\"elementor-widget-wrap elementor-element-populated\">\n<div class=\"elementor-element elementor-element-d398007 elementor-widget elementor-widget-woocommerce-product-content\" data-id=\"d398007\" data-element_type=\"widget\" data-widget_type=\"woocommerce-product-content.default\">\n<div class=\"elementor-widget-container\">\n<p>Esencia 100% natural, contiene 0% de alcohol,\u00a0 La evaporaci\u00f3n del producto es m\u00e1s lenta, La esencia es m\u00e1s concentrada. Producto compuesto de madera porosa y vidrio 100% reciclables, duraci\u00f3n hasta 60 d\u00edas<\/p>\n<\/div>\n<\/div>\n<\/div>\n<\/div>\n<\/div>\n<\/section>\n<\/div>\n<\/div>\n<\/div>\n<\/section>\n<section class=\"elementor-section elementor-top-section elementor-element elementor-element-0d2fcef elementor-section-boxed elementor-section-height-default elementor-section-height-default\" data-id=\"0d2fcef\" data-element_type=\"section\">\n<div class=\"elementor-container elementor-column-gap-default\">\n<div class=\"elementor-column elementor-col-100 elementor-top-column elementor-element elementor-element-123389e\" data-id=\"123389e\" data-element_type=\"column\">\n<div class=\"elementor-widget-wrap elementor-element-populated\">\n<section class=\"elementor-section elementor-inner-section elementor-element elementor-element-3ede928 elementor-section-boxed elementor-section-height-default elementor-section-height-default\" data-id=\"3ede928\" data-element_type=\"section\">\n<div class=\"elementor-container elementor-column-gap-default\">\n<div class=\"elementor-column elementor-col-100 elementor-inner-column elementor-element elementor-element-5000043\" data-id=\"5000043\" data-element_type=\"column\"><\/div>\n<\/div>\n<\/section>\n<\/div>\n<\/div>\n<\/div>\n<\/section>\n","protected":false},"excerpt":{"rendered":"<p>Esencia 100% natural, contiene 0% de alcohol,\u00a0 La evaporaci\u00f3n del producto es m\u00e1s lenta, La esencia es m\u00e1s concentrada. Producto compuesto de madera porosa y vidrio 100% reciclables, duraci\u00f3n hasta 60 d\u00edas<\/p>\n","protected":false},"featured_media":6409,"comment_status":"open","ping_status":"closed","template":"","meta":[],"product_cat":[19],"product_tag":[118],"_links":{"self":[{"href":"https:\/\/texsalvenezuela.com\/tienda\/wp-json\/wp\/v2\/product\/6411"}],"collection":[{"href":"https:\/\/texsalvenezuela.com\/tienda\/wp-json\/wp\/v2\/product"}],"about":[{"href":"https:\/\/texsalvenezuela.com\/tienda\/wp-json\/wp\/v2\/types\/product"}],"replies":[{"embeddable":true,"href":"https:\/\/texsalvenezuela.com\/tienda\/wp-json\/wp\/v2\/comments?post=6411"}],"wp:featuredmedia":[{"embeddable":true,"href":"https:\/\/texsalvenezuela.com\/tienda\/wp-json\/wp\/v2\/media\/6409"}],"wp:attachment":[{"href":"https:\/\/texsalvenezuela.com\/tienda\/wp-json\/wp\/v2\/media?parent=6411"}],"wp:term":[{"taxonomy":"product_cat","embeddable":true,"href":"https:\/\/texsalvenezuela.com\/tienda\/wp-json\/wp\/v2\/product_cat?post=6411"},{"taxonomy":"product_tag","embeddable":true,"href":"https:\/\/texsalvenezuela.com\/tienda\/wp-json\/wp\/v2\/product_tag?post=6411"}],"curies":[{"name":"wp","href":"https:\/\/api.w.org\/{rel}","templated":true}]}}