{"id":6413,"date":"2024-09-05T09:43:45","date_gmt":"2024-09-05T13:43:45","guid":{"rendered":"https:\/\/texsalvenezuela.com\/tienda\/?post_type=product&#038;p=6413"},"modified":"2025-09-11T12:38:49","modified_gmt":"2025-09-11T16:38:49","slug":"ambientador-ona-twilight-1-pack","status":"publish","type":"product","link":"https:\/\/texsalvenezuela.com\/tienda\/producto\/ambientador-ona-twilight-1-pack\/","title":{"rendered":"Ambientador Ona Twilight 1 Pack"},"content":{"rendered":"<p>Esencia 100% natural, contiene 0% de alcohol,\u00a0 La evaporaci\u00f3n del producto es m\u00e1s lenta, La esencia es m\u00e1s concentrada. Producto compuesto de madera porosa y vidrio 100% reciclables, duraci\u00f3n hasta 60 d\u00edas.<\/p>\n","protected":false},"excerpt":{"rendered":"<p>Esencia 100% natural, contiene 0% de alcohol,\u00a0 La evaporaci\u00f3n del producto es m\u00e1s lenta, La esencia es m\u00e1s concentrada. Producto compuesto de madera porosa y vidrio 100% reciclables, duraci\u00f3n hasta 60 d\u00edas.<\/p>\n","protected":false},"featured_media":6410,"comment_status":"open","ping_status":"closed","template":"","meta":[],"product_cat":[19],"product_tag":[118],"_links":{"self":[{"href":"https:\/\/texsalvenezuela.com\/tienda\/wp-json\/wp\/v2\/product\/6413"}],"collection":[{"href":"https:\/\/texsalvenezuela.com\/tienda\/wp-json\/wp\/v2\/product"}],"about":[{"href":"https:\/\/texsalvenezuela.com\/tienda\/wp-json\/wp\/v2\/types\/product"}],"replies":[{"embeddable":true,"href":"https:\/\/texsalvenezuela.com\/tienda\/wp-json\/wp\/v2\/comments?post=6413"}],"wp:featuredmedia":[{"embeddable":true,"href":"https:\/\/texsalvenezuela.com\/tienda\/wp-json\/wp\/v2\/media\/6410"}],"wp:attachment":[{"href":"https:\/\/texsalvenezuela.com\/tienda\/wp-json\/wp\/v2\/media?parent=6413"}],"wp:term":[{"taxonomy":"product_cat","embeddable":true,"href":"https:\/\/texsalvenezuela.com\/tienda\/wp-json\/wp\/v2\/product_cat?post=6413"},{"taxonomy":"product_tag","embeddable":true,"href":"https:\/\/texsalvenezuela.com\/tienda\/wp-json\/wp\/v2\/product_tag?post=6413"}],"curies":[{"name":"wp","href":"https:\/\/api.w.org\/{rel}","templated":true}]}}