{"id":6609,"date":"2025-03-05T16:00:23","date_gmt":"2025-03-05T20:00:23","guid":{"rendered":"https:\/\/texsalvenezuela.com\/tienda\/?post_type=product&#038;p=6609"},"modified":"2025-09-11T12:25:08","modified_gmt":"2025-09-11T16:25:08","slug":"ambientador-en-spray-paradise-air-platinum-series-aroma-breeze","status":"publish","type":"product","link":"https:\/\/texsalvenezuela.com\/tienda\/producto\/ambientador-en-spray-paradise-air-platinum-series-aroma-breeze\/","title":{"rendered":"Ambientador en Spray Paradise Air Platinum Series Aroma Breeze"},"content":{"rendered":"<p>PARADISE AIR PLATINUM EXTRA &#8211; Spray Eliminador de Olores<br \/>\nCaracter\u00edsticas y beneficios<br \/>\nSpray concentrado a base de aceite<br \/>\nOlor fuerte<br \/>\nNeutraliza y desodoriza<br \/>\n\u00a1Cree espacios interiores agradables que eleven y vigoricen!<br \/>\nAmbientador para\u00edso es un spray de larga duraci\u00f3n y agradable aroma elaborado con perfumes especialmente seleccionados para producir un aroma fresco y limpio y refrescar tus espacios y eliminar olores no deseados.<br \/>\nS\u00f3lo 1 o 2 pulverizaciones para obtener una fragancia acogedora y duradera.<br \/>\nCon nuestro spray a base de aceite, puedes neutralizar eficazmente los olores m\u00e1s fuertes, incluido el humo.<br \/>\nRefresca inmediatamente: utiliza dos r\u00e1fagas r\u00e1pidas de fragancia para eliminar los malos olores.<br \/>\nEl spray no est\u00e1 diluido, por lo que no tendr\u00e1 un olor d\u00e9bil ni se desvanecer\u00e1 en un d\u00eda.<br \/>\nEl ambientador concentrado es 100% a base de aceite, lo que le brinda un aroma duradero en su autom\u00f3vil, debajo del asiento del veh\u00edculo o en las alfombras del piso, en casa o en la oficina.<br \/>\n\u00daselo para limpiar instant\u00e1neamente el aire de los olores de la cocina. seguro y eficaz para eliminar los olores de los zapatos y neutralizar los olores de las mascotas, \u00a1para perros, gatos y humanos m\u00e1s felices!<br \/>\nF\u00e1cil de usar &#8211; Dispensador port\u00e1til &#8211; Tama\u00f1o compacto: renueve su ambiente simplemente rociando nuestro producto en cualquier lugar que desee, en cualquier habitaci\u00f3n de su casa como el ba\u00f1o, lavander\u00eda, s\u00f3tano, sala, dormitorio o vestidor, as\u00ed como en la oficina. roc\u00ede sus bloques arom\u00e1ticos o difusores para revivirlos o guarde una de nuestras peque\u00f1as botellas en su bolso o equipaje.<br \/>\nHecho en los EE.UU.<\/p>\n","protected":false},"excerpt":{"rendered":"<p>PARADISE AIR PLATINUM EXTRA &#8211; Spray Eliminador de Olores Caracter\u00edsticas y beneficios Spray concentrado a base de aceite Olor fuerte Neutraliza y desodoriza \u00a1Cree espacios interiores agradables que eleven y vigoricen! Ambientador para\u00edso es un spray de larga duraci\u00f3n y agradable aroma elaborado con perfumes especialmente seleccionados para producir un aroma fresco y limpio y [&hellip;]<\/p>\n","protected":false},"featured_media":6592,"comment_status":"open","ping_status":"closed","template":"","meta":[],"product_cat":[19],"product_tag":[155],"_links":{"self":[{"href":"https:\/\/texsalvenezuela.com\/tienda\/wp-json\/wp\/v2\/product\/6609"}],"collection":[{"href":"https:\/\/texsalvenezuela.com\/tienda\/wp-json\/wp\/v2\/product"}],"about":[{"href":"https:\/\/texsalvenezuela.com\/tienda\/wp-json\/wp\/v2\/types\/product"}],"replies":[{"embeddable":true,"href":"https:\/\/texsalvenezuela.com\/tienda\/wp-json\/wp\/v2\/comments?post=6609"}],"wp:featuredmedia":[{"embeddable":true,"href":"https:\/\/texsalvenezuela.com\/tienda\/wp-json\/wp\/v2\/media\/6592"}],"wp:attachment":[{"href":"https:\/\/texsalvenezuela.com\/tienda\/wp-json\/wp\/v2\/media?parent=6609"}],"wp:term":[{"taxonomy":"product_cat","embeddable":true,"href":"https:\/\/texsalvenezuela.com\/tienda\/wp-json\/wp\/v2\/product_cat?post=6609"},{"taxonomy":"product_tag","embeddable":true,"href":"https:\/\/texsalvenezuela.com\/tienda\/wp-json\/wp\/v2\/product_tag?post=6609"}],"curies":[{"name":"wp","href":"https:\/\/api.w.org\/{rel}","templated":true}]}}