{"id":6611,"date":"2025-03-05T16:35:37","date_gmt":"2025-03-05T20:35:37","guid":{"rendered":"https:\/\/texsalvenezuela.com\/tienda\/?post_type=product&#038;p=6611"},"modified":"2025-09-11T12:24:54","modified_gmt":"2025-09-11T16:24:54","slug":"ambientador-super-organic-46-gr-gold","status":"publish","type":"product","link":"https:\/\/texsalvenezuela.com\/tienda\/producto\/ambientador-super-organic-46-gr-gold\/","title":{"rendered":"Ambientador Super Organic 46 Gr Gold"},"content":{"rendered":"<p>Ambientador en Almohadilla Org\u00e1nica, 46 grs de Fragancia, 60 d\u00edas de Duraci\u00f3n, Fabricado en USA<\/p>\n","protected":false},"excerpt":{"rendered":"<p>Ambientador en Almohadilla Org\u00e1nica, 46 grs de Fragancia, 60 d\u00edas de Duraci\u00f3n, Fabricado en USA<\/p>\n","protected":false},"featured_media":3762,"comment_status":"open","ping_status":"closed","template":"","meta":[],"product_cat":[19],"product_tag":[112],"_links":{"self":[{"href":"https:\/\/texsalvenezuela.com\/tienda\/wp-json\/wp\/v2\/product\/6611"}],"collection":[{"href":"https:\/\/texsalvenezuela.com\/tienda\/wp-json\/wp\/v2\/product"}],"about":[{"href":"https:\/\/texsalvenezuela.com\/tienda\/wp-json\/wp\/v2\/types\/product"}],"replies":[{"embeddable":true,"href":"https:\/\/texsalvenezuela.com\/tienda\/wp-json\/wp\/v2\/comments?post=6611"}],"wp:featuredmedia":[{"embeddable":true,"href":"https:\/\/texsalvenezuela.com\/tienda\/wp-json\/wp\/v2\/media\/3762"}],"wp:attachment":[{"href":"https:\/\/texsalvenezuela.com\/tienda\/wp-json\/wp\/v2\/media?parent=6611"}],"wp:term":[{"taxonomy":"product_cat","embeddable":true,"href":"https:\/\/texsalvenezuela.com\/tienda\/wp-json\/wp\/v2\/product_cat?post=6611"},{"taxonomy":"product_tag","embeddable":true,"href":"https:\/\/texsalvenezuela.com\/tienda\/wp-json\/wp\/v2\/product_tag?post=6611"}],"curies":[{"name":"wp","href":"https:\/\/api.w.org\/{rel}","templated":true}]}}