{"id":6617,"date":"2025-03-05T16:49:26","date_gmt":"2025-03-05T20:49:26","guid":{"rendered":"https:\/\/texsalvenezuela.com\/tienda\/?post_type=product&#038;p=6617"},"modified":"2025-09-11T12:24:12","modified_gmt":"2025-09-11T16:24:12","slug":"ambientador-super-organic-46-gr-sunshine-citrus","status":"publish","type":"product","link":"https:\/\/texsalvenezuela.com\/tienda\/producto\/ambientador-super-organic-46-gr-sunshine-citrus\/","title":{"rendered":"Ambientador Super Organic 46 Gr Sunshine Citrus"},"content":{"rendered":"<p>Ambientador en Almohadilla Org\u00e1nica, 46 grs de Fragancia, 60 d\u00edas de Duraci\u00f3n, Fabricado en USA<\/p>\n","protected":false},"excerpt":{"rendered":"<p>Ambientador en Almohadilla Org\u00e1nica, 46 grs de Fragancia, 60 d\u00edas de Duraci\u00f3n, Fabricado en USA<\/p>\n","protected":false},"featured_media":6618,"comment_status":"open","ping_status":"closed","template":"","meta":[],"product_cat":[19],"product_tag":[112],"_links":{"self":[{"href":"https:\/\/texsalvenezuela.com\/tienda\/wp-json\/wp\/v2\/product\/6617"}],"collection":[{"href":"https:\/\/texsalvenezuela.com\/tienda\/wp-json\/wp\/v2\/product"}],"about":[{"href":"https:\/\/texsalvenezuela.com\/tienda\/wp-json\/wp\/v2\/types\/product"}],"replies":[{"embeddable":true,"href":"https:\/\/texsalvenezuela.com\/tienda\/wp-json\/wp\/v2\/comments?post=6617"}],"wp:featuredmedia":[{"embeddable":true,"href":"https:\/\/texsalvenezuela.com\/tienda\/wp-json\/wp\/v2\/media\/6618"}],"wp:attachment":[{"href":"https:\/\/texsalvenezuela.com\/tienda\/wp-json\/wp\/v2\/media?parent=6617"}],"wp:term":[{"taxonomy":"product_cat","embeddable":true,"href":"https:\/\/texsalvenezuela.com\/tienda\/wp-json\/wp\/v2\/product_cat?post=6617"},{"taxonomy":"product_tag","embeddable":true,"href":"https:\/\/texsalvenezuela.com\/tienda\/wp-json\/wp\/v2\/product_tag?post=6617"}],"curies":[{"name":"wp","href":"https:\/\/api.w.org\/{rel}","templated":true}]}}