{"id":6667,"date":"2025-04-25T16:02:13","date_gmt":"2025-04-25T20:02:13","guid":{"rendered":"https:\/\/texsalvenezuela.com\/tienda\/?post_type=product&#038;p=6667"},"modified":"2025-09-11T12:08:10","modified_gmt":"2025-09-11T16:08:10","slug":"sonax-borrador-suciedad-partes-plasticas","status":"publish","type":"product","link":"https:\/\/texsalvenezuela.com\/tienda\/producto\/sonax-borrador-suciedad-partes-plasticas\/","title":{"rendered":"Sonax Borrador Suciedad partes Pl\u00e1sticas"},"content":{"rendered":"<p>Esponja especial de poros finos para eliminar sin esfuerzo la suciedad persistente (por ejemplo, abrasi\u00f3n de la suela, bet\u00fan, etc.) de las piezas de pl\u00e1stico del interior. Elimina los restos de cera y pulimento de las piezas de pl\u00e1stico sin pintar (parachoques y molduras) y de goma.<\/p>\n","protected":false},"excerpt":{"rendered":"<p>Esponja especial de poros finos para eliminar sin esfuerzo la suciedad persistente (por ejemplo, abrasi\u00f3n de la suela, bet\u00fan, etc.) de las piezas de pl\u00e1stico del interior. Elimina los restos de cera y pulimento de las piezas de pl\u00e1stico sin pintar (parachoques y molduras) y de goma.<\/p>\n","protected":false},"featured_media":6668,"comment_status":"open","ping_status":"closed","template":"","meta":[],"product_cat":[82,23],"product_tag":[74],"_links":{"self":[{"href":"https:\/\/texsalvenezuela.com\/tienda\/wp-json\/wp\/v2\/product\/6667"}],"collection":[{"href":"https:\/\/texsalvenezuela.com\/tienda\/wp-json\/wp\/v2\/product"}],"about":[{"href":"https:\/\/texsalvenezuela.com\/tienda\/wp-json\/wp\/v2\/types\/product"}],"replies":[{"embeddable":true,"href":"https:\/\/texsalvenezuela.com\/tienda\/wp-json\/wp\/v2\/comments?post=6667"}],"wp:featuredmedia":[{"embeddable":true,"href":"https:\/\/texsalvenezuela.com\/tienda\/wp-json\/wp\/v2\/media\/6668"}],"wp:attachment":[{"href":"https:\/\/texsalvenezuela.com\/tienda\/wp-json\/wp\/v2\/media?parent=6667"}],"wp:term":[{"taxonomy":"product_cat","embeddable":true,"href":"https:\/\/texsalvenezuela.com\/tienda\/wp-json\/wp\/v2\/product_cat?post=6667"},{"taxonomy":"product_tag","embeddable":true,"href":"https:\/\/texsalvenezuela.com\/tienda\/wp-json\/wp\/v2\/product_tag?post=6667"}],"curies":[{"name":"wp","href":"https:\/\/api.w.org\/{rel}","templated":true}]}}