{"id":7054,"date":"2026-03-11T13:51:18","date_gmt":"2026-03-11T17:51:18","guid":{"rendered":"https:\/\/texsalvenezuela.com\/tienda\/?post_type=product&#038;p=7054"},"modified":"2026-03-11T13:51:19","modified_gmt":"2026-03-11T17:51:19","slug":"xtreme-lavaparabrisas-concentrado-1100","status":"publish","type":"product","link":"https:\/\/texsalvenezuela.com\/tienda\/producto\/xtreme-lavaparabrisas-concentrado-1100\/","title":{"rendered":"XTREME Lavaparabrisas concentrado 1:100"},"content":{"rendered":"<section class=\"snx-product-detail\">\n<div class=\"snx-product-detail__wrapper\">\n<div class=\"snx-product-detail__body\">\n<div class=\"snx-product-detail__body-content\">\n<div class=\"snx-product-detail__details\">\n<div class=\"snx-product-detail__details-excerpt\" data-swiftype-name=\"shortdescription\" data-swiftype-type=\"text\">Potente limpiador concentrado con una fresca fragancia para el sistema limpiaparabrisas en verano. Los tensioactivos especiales de alta eficacia garantizan una mejora significativa de la velocidad de la limpieza. Las pel\u00edculas deslumbrantes de aceite, holl\u00edn, silicona y otros tipos de suciedad de la carretera e insectos se eliminan a\u00fan m\u00e1s r\u00e1pido y a fondo. Adecuado para boquillas tipo abanico. Compatible con pinturas, caucho y pl\u00e1sticos. No produce rayas ni puntos ciegos, por lo que tambi\u00e9n es muy adecuado para faros de alta calidad l\u00e1ser, Matrix LED y xen\u00f3n. Adem\u00e1s, el limpiador ha sido probado en barnices mate, barnices de reparaci\u00f3n sensibles y veh\u00edculos laminados. Ideal para su uso con las nuevas tecnolog\u00edas de limpiaparabrisas. Gracias al efecto antical, tambi\u00e9n es muy adecuado para mezclar con agua dura. Cunde mucho: con 250 ml se obtienen 25 litros de l\u00edquido limpiador.<\/div>\n<\/div>\n<\/div>\n<div class=\"snx-product-detail__body-image\">\n<div class=\"snx-product-detail__gallery\">\n<div class=\"snx-product-detail__gallery-main\">\n<div class=\"snx-product-detail__gallery-main-image\">\n<div>\n<div class=\"snx-slider__slide\"><\/div>\n<\/div>\n<div class=\"snx-product-detail__gallery-main-image-pattern\"><img decoding=\"async\" src=\"https:\/\/www.sonax.com\/public\/images\/sun.png\" alt=\"\" \/>Aplicaci\u00f3n del producto<\/div>\n<\/div>\n<\/div>\n<\/div>\n<\/div>\n<\/div>\n<\/div>\n<\/section>\n<section class=\"snx-page-section\">\n<div class=\"snx-page-section__body\">\n<div class=\"snx-rich-text snx-rich-text--is-block\">\n<p>Mantener la botella en posici\u00f3n vertical. Desenrosque el tap\u00f3n de cierre un cuarto de vuelta. Llene el tap\u00f3n dosificador con la cantidad deseada de concentrado de limpieza (v\u00e9ase la escala) presionando en la parte inferior de la botella. Desenrosque completamente el tap\u00f3n y a\u00f1ada el contenido del tap\u00f3n dosificador al agua del dep\u00f3sito del limpiaparabrisas. 25 ml son suficientes para 2,5 litros de agua de lavado. Si el contenido del envase es mayor, aumente la dosis en consecuencia. La botella contiene 25 litros de l\u00edquido limpiador.<\/p>\n<\/div>\n<\/div>\n<\/section>\n","protected":false},"excerpt":{"rendered":"<p>Potente limpiador concentrado con una fresca fragancia para el sistema limpiaparabrisas en verano. Los tensioactivos especiales de alta eficacia garantizan una mejora significativa de la velocidad de la limpieza. Las pel\u00edculas deslumbrantes de aceite, holl\u00edn, silicona y otros tipos de suciedad de la carretera e insectos se eliminan a\u00fan m\u00e1s r\u00e1pido y a fondo. Adecuado [&hellip;]<\/p>\n","protected":false},"featured_media":7055,"comment_status":"open","ping_status":"closed","template":"","meta":[],"product_cat":[82],"product_tag":[74],"_links":{"self":[{"href":"https:\/\/texsalvenezuela.com\/tienda\/wp-json\/wp\/v2\/product\/7054"}],"collection":[{"href":"https:\/\/texsalvenezuela.com\/tienda\/wp-json\/wp\/v2\/product"}],"about":[{"href":"https:\/\/texsalvenezuela.com\/tienda\/wp-json\/wp\/v2\/types\/product"}],"replies":[{"embeddable":true,"href":"https:\/\/texsalvenezuela.com\/tienda\/wp-json\/wp\/v2\/comments?post=7054"}],"wp:featuredmedia":[{"embeddable":true,"href":"https:\/\/texsalvenezuela.com\/tienda\/wp-json\/wp\/v2\/media\/7055"}],"wp:attachment":[{"href":"https:\/\/texsalvenezuela.com\/tienda\/wp-json\/wp\/v2\/media?parent=7054"}],"wp:term":[{"taxonomy":"product_cat","embeddable":true,"href":"https:\/\/texsalvenezuela.com\/tienda\/wp-json\/wp\/v2\/product_cat?post=7054"},{"taxonomy":"product_tag","embeddable":true,"href":"https:\/\/texsalvenezuela.com\/tienda\/wp-json\/wp\/v2\/product_tag?post=7054"}],"curies":[{"name":"wp","href":"https:\/\/api.w.org\/{rel}","templated":true}]}}