{"id":7075,"date":"2026-05-08T16:12:01","date_gmt":"2026-05-08T20:12:01","guid":{"rendered":"https:\/\/texsalvenezuela.com\/tienda\/?post_type=product&#038;p=7075"},"modified":"2026-05-08T16:15:01","modified_gmt":"2026-05-08T20:15:01","slug":"little-trees-spray-supernova-3-5-oz","status":"publish","type":"product","link":"https:\/\/texsalvenezuela.com\/tienda\/producto\/little-trees-spray-supernova-3-5-oz\/","title":{"rendered":"Little Trees Spray Supernova 3.5 Oz"},"content":{"rendered":"<p>El Spray de Little Trees es fabricado con las fragancias m\u00e1s reconocidas de los arbolitos. Su tecnolog\u00eda permite un alcance mayor mediante su fragancia concentrada. Permite guardar f\u00e1cilmente en cualquier lugar y de libre demanda.<\/p>\n<p>* Ambientador en Spray de 103 ml (3.5 oz)<br \/>\n* Tecnolog\u00eda que permite mayor dispersi\u00f3n y alcance<br \/>\n* Concentrado con fragancia de los Pinitos<br \/>\n* Encaja perfectamente en cualquier lugar<\/p>\n","protected":false},"excerpt":{"rendered":"<p>El Spray de Little Trees es fabricado con las fragancias m\u00e1s reconocidas de los arbolitos. Su tecnolog\u00eda permite un alcance mayor mediante su fragancia concentrada. Permite guardar f\u00e1cilmente en cualquier lugar y de libre demanda. * Ambientador en Spray de 103 ml (3.5 oz) * Tecnolog\u00eda que permite mayor dispersi\u00f3n y alcance * Concentrado con [&hellip;]<\/p>\n","protected":false},"featured_media":7076,"comment_status":"open","ping_status":"closed","template":"","meta":[],"product_cat":[19],"product_tag":[34],"_links":{"self":[{"href":"https:\/\/texsalvenezuela.com\/tienda\/wp-json\/wp\/v2\/product\/7075"}],"collection":[{"href":"https:\/\/texsalvenezuela.com\/tienda\/wp-json\/wp\/v2\/product"}],"about":[{"href":"https:\/\/texsalvenezuela.com\/tienda\/wp-json\/wp\/v2\/types\/product"}],"replies":[{"embeddable":true,"href":"https:\/\/texsalvenezuela.com\/tienda\/wp-json\/wp\/v2\/comments?post=7075"}],"wp:featuredmedia":[{"embeddable":true,"href":"https:\/\/texsalvenezuela.com\/tienda\/wp-json\/wp\/v2\/media\/7076"}],"wp:attachment":[{"href":"https:\/\/texsalvenezuela.com\/tienda\/wp-json\/wp\/v2\/media?parent=7075"}],"wp:term":[{"taxonomy":"product_cat","embeddable":true,"href":"https:\/\/texsalvenezuela.com\/tienda\/wp-json\/wp\/v2\/product_cat?post=7075"},{"taxonomy":"product_tag","embeddable":true,"href":"https:\/\/texsalvenezuela.com\/tienda\/wp-json\/wp\/v2\/product_tag?post=7075"}],"curies":[{"name":"wp","href":"https:\/\/api.w.org\/{rel}","templated":true}]}}